{"id":607,"date":"2026-04-13T13:19:12","date_gmt":"2026-04-13T12:19:12","guid":{"rendered":"https:\/\/movideacoopaname.wordpress.com\/?page_id=607"},"modified":"2026-04-16T10:51:51","modified_gmt":"2026-04-16T10:51:51","slug":"danse-therapie-pour-les-seniors","status":"publish","type":"page","link":"https:\/\/dansetherapie77.fr\/index.php\/la-danse-therapie\/danse-therapie-pour-les-seniors\/","title":{"rendered":"Danse th\u00e9rapie pour les seniors"},"content":{"rendered":"<div class=\"wp-block-image\">\n<figure class=\"aligncenter size-large is-resized\"><img loading=\"lazy\" decoding=\"async\" width=\"787\" height=\"789\" src=\"http:\/\/dansetherapie77.fr\/wp-content\/uploads\/2026\/04\/seniormad-edited.png\" alt=\"\" class=\"wp-image-611\" style=\"aspect-ratio:0.9974625738453814;width:225px;height:auto\" srcset=\"https:\/\/dansetherapie77.fr\/wp-content\/uploads\/2026\/04\/seniormad-edited.png 787w, https:\/\/dansetherapie77.fr\/wp-content\/uploads\/2026\/04\/seniormad-edited-300x300.png 300w, https:\/\/dansetherapie77.fr\/wp-content\/uploads\/2026\/04\/seniormad-edited-150x150.png 150w, https:\/\/dansetherapie77.fr\/wp-content\/uploads\/2026\/04\/seniormad-edited-768x770.png 768w, https:\/\/dansetherapie77.fr\/wp-content\/uploads\/2026\/04\/seniormad-edited-450x450.png 450w, https:\/\/dansetherapie77.fr\/wp-content\/uploads\/2026\/04\/seniormad-edited-60x60.png 60w, https:\/\/dansetherapie77.fr\/wp-content\/uploads\/2026\/04\/seniormad-edited-550x550.png 550w, https:\/\/dansetherapie77.fr\/wp-content\/uploads\/2026\/04\/seniormad-edited-299x300.png 299w\" sizes=\"auto, (max-width: 787px) 100vw, 787px\" \/><\/figure>\n<\/div>\n\n\n<h2 class=\"wp-block-heading\">Pourquoi la danse th\u00e9rapie pour les seniors ?<\/h2>\n\n\n\n<p>La danse-th\u00e9rapie allie les bienfaits de l\u2019activit\u00e9 physique et des arts. Elle permet de maintenir et d\u00e9velopper la conscience corporelle, les muscles, la mobilit\u00e9, la souplesse tout en stimulant les \u00e9motions, la cr\u00e9ativit\u00e9, et la m\u00e9moire. Elle maintient un lien social de fa\u00e7on ludique. Elle r\u00e9duit l\u2019anxi\u00e9t\u00e9, les douleurs physiques et psychiques.<\/p>\n\n\n\n<h2 class=\"wp-block-heading\">Pour quels bienfaits ?<\/h2>\n\n\n\n<p>La danse-th\u00e9rapie permet d\u2019exprimer de communiquer par le corps et le mouvement. Dans mes s\u00e9ances de danse-th\u00e9rapie, les participant.es se connectent \u00e0 leur ressenti, leur corps. Ils se laissent guider par des consignes simples et entrent en relation de fa\u00e7on joyeuse.<\/p>\n\n\n\n<h2 class=\"wp-block-heading\">Pour qui ?<\/h2>\n\n\n\n<p>La danse th\u00e9rapie est adapt\u00e9e pour les personnes dont l\u2019activit\u00e9 physique et\/ou artistique est entrav\u00e9e et est donc adapt\u00e9e pour les personnes \u00e2g\u00e9es, en individuel et en groupe.<\/p>\n\n\n\n<p><\/p>\n","protected":false},"excerpt":{"rendered":"<p>Pourquoi la danse th\u00e9rapie pour les seniors ? La danse-th\u00e9rapie allie les bienfaits de l\u2019activit\u00e9 physique et des arts. Elle permet de maintenir et d\u00e9velopper la conscience corporelle, les muscles, la mobilit\u00e9, la souplesse tout en stimulant les \u00e9motions, la cr\u00e9ativit\u00e9, et la m\u00e9moire. Elle maintient un lien social de fa\u00e7on ludique. Elle r\u00e9duit l\u2019anxi\u00e9t\u00e9, [&hellip;]<\/p>\n","protected":false},"author":2,"featured_media":609,"parent":64,"menu_order":0,"comment_status":"closed","ping_status":"closed","template":"","meta":{"footnotes":""},"class_list":["post-607","page","type-page","status-publish","has-post-thumbnail","hentry"],"jetpack_sharing_enabled":true,"_links":{"self":[{"href":"https:\/\/dansetherapie77.fr\/index.php\/wp-json\/wp\/v2\/pages\/607","targetHints":{"allow":["GET"]}}],"collection":[{"href":"https:\/\/dansetherapie77.fr\/index.php\/wp-json\/wp\/v2\/pages"}],"about":[{"href":"https:\/\/dansetherapie77.fr\/index.php\/wp-json\/wp\/v2\/types\/page"}],"author":[{"embeddable":true,"href":"https:\/\/dansetherapie77.fr\/index.php\/wp-json\/wp\/v2\/users\/2"}],"replies":[{"embeddable":true,"href":"https:\/\/dansetherapie77.fr\/index.php\/wp-json\/wp\/v2\/comments?post=607"}],"version-history":[{"count":1,"href":"https:\/\/dansetherapie77.fr\/index.php\/wp-json\/wp\/v2\/pages\/607\/revisions"}],"predecessor-version":[{"id":706,"href":"https:\/\/dansetherapie77.fr\/index.php\/wp-json\/wp\/v2\/pages\/607\/revisions\/706"}],"up":[{"embeddable":true,"href":"https:\/\/dansetherapie77.fr\/index.php\/wp-json\/wp\/v2\/pages\/64"}],"wp:featuredmedia":[{"embeddable":true,"href":"https:\/\/dansetherapie77.fr\/index.php\/wp-json\/wp\/v2\/media\/609"}],"wp:attachment":[{"href":"https:\/\/dansetherapie77.fr\/index.php\/wp-json\/wp\/v2\/media?parent=607"}],"curies":[{"name":"wp","href":"https:\/\/api.w.org\/{rel}","templated":true}]}}