{"id":614,"date":"2026-04-13T13:26:21","date_gmt":"2026-04-13T12:26:21","guid":{"rendered":"https:\/\/movideacoopaname.wordpress.com\/?page_id=614"},"modified":"2026-04-16T10:51:39","modified_gmt":"2026-04-16T10:51:39","slug":"danse-therapie-pour-adultes-en-situation-de-handicap","status":"publish","type":"page","link":"https:\/\/dansetherapie77.fr\/index.php\/la-danse-therapie\/danse-therapie-pour-adultes-en-situation-de-handicap\/","title":{"rendered":"Danse-th\u00e9rapie pour adultes en situation de handicap"},"content":{"rendered":"<div class=\"wp-block-image\">\n<figure class=\"aligncenter size-large is-resized\"><img loading=\"lazy\" decoding=\"async\" width=\"619\" height=\"620\" src=\"http:\/\/dansetherapie77.fr\/wp-content\/uploads\/2026\/04\/theatreforum-ou-danse-therapie-1-edited.jpg\" alt=\"\" class=\"wp-image-618\" style=\"aspect-ratio:0.9984338531478333;width:325px;height:auto\" srcset=\"https:\/\/dansetherapie77.fr\/wp-content\/uploads\/2026\/04\/theatreforum-ou-danse-therapie-1-edited.jpg 619w, https:\/\/dansetherapie77.fr\/wp-content\/uploads\/2026\/04\/theatreforum-ou-danse-therapie-1-edited-300x300.jpg 300w, https:\/\/dansetherapie77.fr\/wp-content\/uploads\/2026\/04\/theatreforum-ou-danse-therapie-1-edited-150x150.jpg 150w, https:\/\/dansetherapie77.fr\/wp-content\/uploads\/2026\/04\/theatreforum-ou-danse-therapie-1-edited-450x450.jpg 450w, https:\/\/dansetherapie77.fr\/wp-content\/uploads\/2026\/04\/theatreforum-ou-danse-therapie-1-edited-60x60.jpg 60w, https:\/\/dansetherapie77.fr\/wp-content\/uploads\/2026\/04\/theatreforum-ou-danse-therapie-1-edited-550x550.jpg 550w\" sizes=\"auto, (max-width: 619px) 100vw, 619px\" \/><\/figure>\n<\/div>\n\n\n<p>La danse-th\u00e9rapie allie les bienfaits de l\u2019activit\u00e9 physique et des arts. Elle d\u00e9veloppe le sch\u00e9ma corporel, la conscience de l\u2019espace tout en stimulant les \u00e9motions,<\/p>\n\n\n\n<p>Elle permet d\u2019entrer en relation de fa\u00e7on ludique, de prendre confiance en soi et d&rsquo;accepter le regard des autres.<\/p>\n\n\n\n<h2 class=\"wp-block-heading\">Pour quels bienfaits ?<\/h2>\n\n\n\n<p>La danse-th\u00e9rapie permet d\u2019exprimer ce que les mots ne parviennent pas \u00e0 dire. Les participant.es se connectent \u00e0 leur ressenti, leur corps, les \u00e9motions. Ils se laissent guider par des consignes simples pour d\u00e9velopper leur imaginaire gestuel puis entrent en relation avec les autres.<\/p>\n\n\n\n<p><\/p>\n","protected":false},"excerpt":{"rendered":"<p>La danse-th\u00e9rapie allie les bienfaits de l\u2019activit\u00e9 physique et des arts. Elle d\u00e9veloppe le sch\u00e9ma corporel, la conscience de l\u2019espace tout en stimulant les \u00e9motions, Elle permet d\u2019entrer en relation de fa\u00e7on ludique, de prendre confiance en soi et d&rsquo;accepter le regard des autres. Pour quels bienfaits ? La danse-th\u00e9rapie permet d\u2019exprimer ce que les [&hellip;]<\/p>\n","protected":false},"author":2,"featured_media":0,"parent":64,"menu_order":0,"comment_status":"closed","ping_status":"closed","template":"","meta":{"footnotes":""},"class_list":["post-614","page","type-page","status-publish","hentry"],"jetpack_sharing_enabled":true,"_links":{"self":[{"href":"https:\/\/dansetherapie77.fr\/index.php\/wp-json\/wp\/v2\/pages\/614","targetHints":{"allow":["GET"]}}],"collection":[{"href":"https:\/\/dansetherapie77.fr\/index.php\/wp-json\/wp\/v2\/pages"}],"about":[{"href":"https:\/\/dansetherapie77.fr\/index.php\/wp-json\/wp\/v2\/types\/page"}],"author":[{"embeddable":true,"href":"https:\/\/dansetherapie77.fr\/index.php\/wp-json\/wp\/v2\/users\/2"}],"replies":[{"embeddable":true,"href":"https:\/\/dansetherapie77.fr\/index.php\/wp-json\/wp\/v2\/comments?post=614"}],"version-history":[{"count":1,"href":"https:\/\/dansetherapie77.fr\/index.php\/wp-json\/wp\/v2\/pages\/614\/revisions"}],"predecessor-version":[{"id":705,"href":"https:\/\/dansetherapie77.fr\/index.php\/wp-json\/wp\/v2\/pages\/614\/revisions\/705"}],"up":[{"embeddable":true,"href":"https:\/\/dansetherapie77.fr\/index.php\/wp-json\/wp\/v2\/pages\/64"}],"wp:attachment":[{"href":"https:\/\/dansetherapie77.fr\/index.php\/wp-json\/wp\/v2\/media?parent=614"}],"curies":[{"name":"wp","href":"https:\/\/api.w.org\/{rel}","templated":true}]}}