{"id":66,"date":"2026-04-15T21:58:48","date_gmt":"2026-04-15T21:58:48","guid":{"rendered":"https:\/\/dansetherapie77.fr\/?page_id=66"},"modified":"2026-04-17T23:13:14","modified_gmt":"2026-04-17T23:13:14","slug":"parcours","status":"publish","type":"page","link":"https:\/\/dansetherapie77.fr\/index.php\/parcours\/","title":{"rendered":"Parcours"},"content":{"rendered":"\n<figure class=\"wp-block-image\"><img loading=\"lazy\" decoding=\"async\" width=\"755\" height=\"756\" src=\"http:\/\/dansetherapie77.fr\/wp-content\/uploads\/2026\/04\/image-edited-1.jpeg\" alt=\"\" class=\"wp-image-620\" srcset=\"https:\/\/dansetherapie77.fr\/wp-content\/uploads\/2026\/04\/image-edited-1.jpeg 755w, https:\/\/dansetherapie77.fr\/wp-content\/uploads\/2026\/04\/image-edited-1-300x300.jpeg 300w, https:\/\/dansetherapie77.fr\/wp-content\/uploads\/2026\/04\/image-edited-1-150x150.jpeg 150w, https:\/\/dansetherapie77.fr\/wp-content\/uploads\/2026\/04\/image-edited-1-450x450.jpeg 450w, https:\/\/dansetherapie77.fr\/wp-content\/uploads\/2026\/04\/image-edited-1-60x60.jpeg 60w, https:\/\/dansetherapie77.fr\/wp-content\/uploads\/2026\/04\/image-edited-1-550x550.jpeg 550w\" sizes=\"auto, (max-width: 755px) 100vw, 755px\" \/><\/figure>\n\n\n\n<p>Je suis Genevi\u00e8ve CRON, danse et mouvement th\u00e9rapeute bas\u00e9e \u00e0 Melun (77).<\/p>\n\n\n\n<p>Depuis tr\u00e8s jeune, je pratique la gymnastique et la danse classique, puis jazz puis contemporaine, que je continue \u00e0 pratiquer intens\u00e9ment pendant mes \u00e9tudes scientifiques. Le plaisir du mouvement se m\u00eale \u00e0 la dimension artistique et communicative de la danse.<\/p>\n\n\n\n<p>A partir de 1995, je d\u00e9couvre l\u2019improvisation, la composition instantan\u00e9e, la danse contant improvisation et les pratiques somatiques.<\/p>\n\n\n\n<p>En m\u00eame temps, je participe \u00e0 des performances de danse contemporaine, principalement en ext\u00e9rieur : avec Marthe Rodezno, avec les compagnies Tangible, Corps Pluriel, et d\u2019autres collectifs \u00e9ph\u00e9m\u00e8res.<\/p>\n\n\n\n<p>En 1994, puis \u00e0 nouveau \u00e0 partir de 2010, je commence \u00e0 enseigner la danse contemporaine et la danse contact improvisation. Je me forme professionnellement pour mieux comprendre la p\u00e9dagogie du mouvement, la psychologie, la communication :<\/p>\n\n\n\n<ul class=\"wp-block-list\">\n<li><strong>Danse th\u00e9rapie<\/strong> :\u00a0<a href=\"http:\/\/www.univ-paris3.fr\/master-sorbonne-paris-cite-mention-arts-therapies-141723.kjsp\" target=\"_blank\" rel=\"noreferrer noopener\">Master d\u2019Arts Th\u00e9rapies Options Danse<\/a> \u00e0 l\u2019<a href=\"https:\/\/www.univ-paris5.fr\/\">Universit\u00e9 Paris Diderot<\/a><\/li>\n\n\n\n<li>En<strong> communication non violente<\/strong> (CNV) aupr\u00e8s principalement, de Mich\u00e8le Guez de l\u2019<a href=\"http:\/\/cnvfrance.fr\/\" target=\"_blank\" rel=\"noreferrer noopener\">ACNV<\/a><\/li>\n\n\n\n<li>Au <strong>th\u00e9\u00e2tre forum<\/strong> et autres forme du th\u00e9\u00e2tre de l\u2019opprim\u00e9, au <a href=\"http:\/\/www.theatredelopprime.com\/\">Th\u00e9\u00e2tre de l\u2019Opprim\u00e9<\/a> \u00e0 Paris et au <a href=\"https:\/\/cardboardcitizens.org.uk\/\">Cardboard Citizens<\/a> \u00e0 Londres.<\/li>\n\n\n\n<li>Encadrement la <strong>gymnastique<\/strong> (CQP Gym) \u00e0 la F\u00e9d\u00e9ration Fran\u00e7aise de Gymnastique (<a href=\"https:\/\/www.ffgym.fr\/\">FFGym<\/a>)<\/li>\n\n\n\n<li>A la facilitation et \u00e0 l\u2019intelligence collective (notamment aupr\u00e8s de <a href=\"https:\/\/thefearlessheart.org\/\">Miki Kashtan<\/a> et de l\u2019<a href=\"https:\/\/universite-du-nous.org\/\">Universit\u00e9 du Nous<\/a> \/ <a href=\"https:\/\/hum-hum-hum.fr\/\">Hum<\/a> \/ <a href=\"https:\/\/www.jardiniersdunous.org\">Jardiniers du Nous<\/a>)<\/li>\n\n\n\n<li>A la <strong>m\u00e9ditation pleine conscience<\/strong> (MBSR) aupr\u00e8s de <a href=\"http:\/\/www.mbsr-pleine-conscience.org\/\">Sylvie Chabas<\/a>.<\/li>\n<\/ul>\n\n\n\n<p>Par ailleurs, j\u2019\u00e9tudie et pratique intens\u00e9ment toujours le contact improvisation.<\/p>\n\n\n\n<p>En Septembre 2020, j\u2019int\u00e8gre le 3\u00e8me promotion du <a href=\"https:\/\/www.u-pec.fr\/fr\/formation\/master-meef-parcours-art-enact-pratiques-artistiques-dans-une-e-cologie-enactive-des-apprentissages\">Master 2 Formateur de formateur, parcours Enact organis\u00e9 par l\u2019Insp\u00e9 de Cr\u00e9teil (Universit\u00e9 Paris Cr\u00e9teil).<\/a> Ce parcours forme les formateurs aux dimensions sensibles, artistiques et physiques aux processus d\u2019apprentissage et soutient les professionnels (enseignants, chercheurs, professeurs, formateurs) dans leur recherche d\u2019\u00e9volution professionnelle.<\/p>\n","protected":false},"excerpt":{"rendered":"<p>Je suis Genevi\u00e8ve CRON, danse et mouvement th\u00e9rapeute bas\u00e9e \u00e0 Melun (77). Depuis tr\u00e8s jeune, je pratique la gymnastique et la danse classique, puis jazz puis contemporaine, que je continue \u00e0 pratiquer intens\u00e9ment pendant mes \u00e9tudes scientifiques. Le plaisir du mouvement se m\u00eale \u00e0 la dimension artistique et communicative de la danse. A partir de [&hellip;]<\/p>\n","protected":false},"author":1,"featured_media":0,"parent":0,"menu_order":0,"comment_status":"closed","ping_status":"closed","template":"","meta":{"footnotes":""},"class_list":["post-66","page","type-page","status-publish","hentry"],"jetpack_sharing_enabled":true,"_links":{"self":[{"href":"https:\/\/dansetherapie77.fr\/index.php\/wp-json\/wp\/v2\/pages\/66","targetHints":{"allow":["GET"]}}],"collection":[{"href":"https:\/\/dansetherapie77.fr\/index.php\/wp-json\/wp\/v2\/pages"}],"about":[{"href":"https:\/\/dansetherapie77.fr\/index.php\/wp-json\/wp\/v2\/types\/page"}],"author":[{"embeddable":true,"href":"https:\/\/dansetherapie77.fr\/index.php\/wp-json\/wp\/v2\/users\/1"}],"replies":[{"embeddable":true,"href":"https:\/\/dansetherapie77.fr\/index.php\/wp-json\/wp\/v2\/comments?post=66"}],"version-history":[{"count":3,"href":"https:\/\/dansetherapie77.fr\/index.php\/wp-json\/wp\/v2\/pages\/66\/revisions"}],"predecessor-version":[{"id":749,"href":"https:\/\/dansetherapie77.fr\/index.php\/wp-json\/wp\/v2\/pages\/66\/revisions\/749"}],"wp:attachment":[{"href":"https:\/\/dansetherapie77.fr\/index.php\/wp-json\/wp\/v2\/media?parent=66"}],"curies":[{"name":"wp","href":"https:\/\/api.w.org\/{rel}","templated":true}]}}