{"id":68,"date":"2026-04-15T21:59:02","date_gmt":"2026-04-15T21:59:02","guid":{"rendered":"https:\/\/dansetherapie77.fr\/?page_id=68"},"modified":"2026-04-15T21:59:18","modified_gmt":"2026-04-15T21:59:18","slug":"references","status":"publish","type":"page","link":"https:\/\/dansetherapie77.fr\/index.php\/references\/","title":{"rendered":"R\u00e9f\u00e9rences"},"content":{"rendered":"\n<p>Genevi\u00e8ve Cron est dipl\u00f4m\u00e9e de l\u2019Universit\u00e9 Paris 5 Ren\u00e9 Descartes d\u2019un <a href=\"http:\/\/formations.parisdescartes.fr\/fr-FR\/1\/diplome\/P5-PROG12202\/MASTER%20Sorbonne%20Paris%20Cit%C3%A9,%20mention%20Arts-th%C3%A9rapies:%20Danse%20th%C3%A9rapie\" target=\"_blank\" rel=\"noreferrer noopener\">master en Arts Th\u00e9rapie, sp\u00e9cialit\u00e9 Danse Th\u00e9rapie<\/a>. Durant sa formation, elle a travaill\u00e9 avec des publics vari\u00e9s, adultes (handicap mental, psychiatrie en h\u00f4pital de jour, infertilit\u00e9) et enfants (enfants avec retard scolaire, hyperactivit\u00e9, autisme). Elle a compl\u00e9t\u00e9 sa formation avec un stage en Italie, en langue allemande et a aussi exerc\u00e9 en Anglais dans le cadre d\u2019une \u00e9cole am\u00e9ricaine.<\/p>\n\n\n\n<figure class=\"wp-block-table is-style-stripes\"><table class=\"has-fixed-layout\"><tbody><tr><td>2012 \u2013 2013<\/td><td>Co-direction d\u2019ateliers au Foyer Eole de Versailles, adultes avec handicap mental<br>Encadrement : Soizic Barbancey, danse \u2013 th\u00e9rapeute<\/td><\/tr><tr><td>2013<\/td><td>Observation d\u2019ateliers \u00e0 l\u2019IME pour adolescents avec handicap \u2013 Centre Rapha\u00ebl, Paris XI<br>Encadrement : Laurence Villemant, danse th\u00e9rapeute<\/td><\/tr><tr><td>2013<\/td><td>Observation et co animation d\u2019ateliers \u00e0 l\u2019ESAT Jules et Marcelle Levy,Paris XII<br>Encadrement : Laurence Villemant, danse \u2013 th\u00e9rapeute<\/td><\/tr><tr><td>2013<\/td><td>Observation d\u2019un service de <strong>psychiatrie<\/strong> (urgences, d\u00e9ambulatoire et foyer de vie et de r\u00e9insertion) \u00e0 Bruneck, S\u00fcd Tyrol, Italie (stage en langue Allemande), observation des arts th\u00e9rapeutes (musicoth\u00e9rapeute, dans- th\u00e9rapeute, art th\u00e9rapeute), co-direction d\u2019ateliers danse \u2013 arts plastiques th\u00e9rapie<br>Encadrement : Sylvie Riant, art \u2013 th\u00e9rapeute<\/td><\/tr><tr><td>2013-2014<\/td><td>Mise en place et direction des ateliers (\u00e9cole priv\u00e9e am\u00e9ricaine Marymount, Neuilly) pour enfants de 7 \u00e0 10 ans avec grosses difficult\u00e9s scolaires<br>Supervision: Corinne Ott, danse \u2013 th\u00e9rapeute<\/td><\/tr><tr><td>2014<\/td><td>Observation et co-animation (Clinique M\u00e9dicale, Ville d\u2019Avray). Relaxation, danse, dramath\u00e9rapie, clown-th\u00e9rapie. Patients en <strong>h\u00f4pital de jour<\/strong>. R\u00e9unions staff.<br>Tuteur: Houria Allal, danse \u2013 th\u00e9rapeute, dramath\u00e9rapeute, clownth\u00e9rapeute<\/td><\/tr><tr><td>2014<\/td><td>Observation et co-animation (H\u00f4pital Saint Antoine, Paris). Danse-th\u00e9rapie. Patients en <strong>h\u00f4pital de jour<\/strong><br>Tuteur: Matthieu Mares, danse \u2013 th\u00e9rapeute<\/td><\/tr><tr><td>2014<\/td><td>Mise en place, communication, direction des ateliers (Maternit\u00e9 des Bluets, Paris) de danse th\u00e9rapie aupr\u00e8s de <strong>couples infertiles<\/strong><\/td><\/tr><tr><td>2015-2026<\/td><td>Co-animation d\u2019un Osez ! Clown Gestalt et Danse Contact Jura, Seine-et-Marne, Morvant avec Nicolas Cornut<\/td><\/tr><tr><td>2015-2018<\/td><td>Initiation et sensibilisation \u00e0 la danse-th\u00e9rapie, dans la formation Aide M\u00e9dico Psychologique de l\u2019<a href=\"http:\/\/www.acppav.org\" target=\"_blank\" rel=\"noreferrer noopener\">ACPPAV<\/a> \u00e0 Poissy et Juvisy<\/td><\/tr><tr><td>2025-2026<\/td><td>Danse-th\u00e9rapie au Foyer d\u2019Accueil M\u00e9dicalis\u00e9 \u00ab&nbsp;Les pr\u00e9s neufs&nbsp;\u00bb \u00e0 Vaux-le-P\u00e9nil<\/td><\/tr><tr><td>2025-2026<\/td><td>Initiation et sensibilisation \u00e0 la danse-th\u00e9rapie, dans la formation Educateur Sp\u00e9cialis\u00e9 \u00e0 l\u2019<a href=\"https:\/\/www.irtsparmentier.fr\/\">IRTS<\/a> \u00e0 Melun.<\/td><\/tr><\/tbody><\/table><\/figure>\n","protected":false},"excerpt":{"rendered":"<p>Genevi\u00e8ve Cron est dipl\u00f4m\u00e9e de l\u2019Universit\u00e9 Paris 5 Ren\u00e9 Descartes d\u2019un master en Arts Th\u00e9rapie, sp\u00e9cialit\u00e9 Danse Th\u00e9rapie. Durant sa formation, elle a travaill\u00e9 avec des publics vari\u00e9s, adultes (handicap mental, psychiatrie en h\u00f4pital de jour, infertilit\u00e9) et enfants (enfants avec retard scolaire, hyperactivit\u00e9, autisme). Elle a compl\u00e9t\u00e9 sa formation avec un stage en Italie, [&hellip;]<\/p>\n","protected":false},"author":1,"featured_media":0,"parent":0,"menu_order":0,"comment_status":"closed","ping_status":"closed","template":"","meta":{"footnotes":""},"class_list":["post-68","page","type-page","status-publish","hentry"],"jetpack_sharing_enabled":true,"_links":{"self":[{"href":"https:\/\/dansetherapie77.fr\/index.php\/wp-json\/wp\/v2\/pages\/68","targetHints":{"allow":["GET"]}}],"collection":[{"href":"https:\/\/dansetherapie77.fr\/index.php\/wp-json\/wp\/v2\/pages"}],"about":[{"href":"https:\/\/dansetherapie77.fr\/index.php\/wp-json\/wp\/v2\/types\/page"}],"author":[{"embeddable":true,"href":"https:\/\/dansetherapie77.fr\/index.php\/wp-json\/wp\/v2\/users\/1"}],"replies":[{"embeddable":true,"href":"https:\/\/dansetherapie77.fr\/index.php\/wp-json\/wp\/v2\/comments?post=68"}],"version-history":[{"count":2,"href":"https:\/\/dansetherapie77.fr\/index.php\/wp-json\/wp\/v2\/pages\/68\/revisions"}],"predecessor-version":[{"id":70,"href":"https:\/\/dansetherapie77.fr\/index.php\/wp-json\/wp\/v2\/pages\/68\/revisions\/70"}],"wp:attachment":[{"href":"https:\/\/dansetherapie77.fr\/index.php\/wp-json\/wp\/v2\/media?parent=68"}],"curies":[{"name":"wp","href":"https:\/\/api.w.org\/{rel}","templated":true}]}}